{"id":14817,"date":"2015-05-11T10:53:16","date_gmt":"2015-05-11T10:53:16","guid":{"rendered":"http:\/\/www.livemeshthemes.com\/invent\/cart\/"},"modified":"2015-05-11T10:53:16","modified_gmt":"2015-05-11T10:53:16","slug":"cart","status":"publish","type":"page","link":"https:\/\/prototipos.iesmartedu.com\/index.php\/cart\/","title":{"rendered":"Cart"},"content":{"rendered":"<div id=\"pl-11\"  class=\"panel-layout\" >\n<div id=\"pg-11-0\"  class=\"panel-grid panel-has-style\"  data-style=\"{&quot;background_display&quot;:&quot;tile&quot;,&quot;lsow_dark_bg&quot;:&quot;&quot;,&quot;bottom_margin&quot;:&quot;0px&quot;,&quot;row_stretch&quot;:&quot;full-stretched&quot;}\" >\n<div class=\"siteorigin-panels-stretch panel-row-style panel-row-style-for-11-0\" data-stretch-type=\"full-stretched\" >\n<div id=\"pgc-11-0-0\"  class=\"panel-grid-cell\"  data-weight=\"1\" >\n<div id=\"panel-11-0-0-0\" class=\"so-panel widget widget_sow-hero panel-first-child panel-last-child\" data-index=\"0\" data-style=\"{&quot;background_image_attachment&quot;:false,&quot;background_display&quot;:&quot;tile&quot;}\" >[siteorigin_widget class=&#8221;SiteOrigin_Widget_Hero_Widget&#8221;]<input type=\"hidden\" value=\"{&quot;instance&quot;:{&quot;frames&quot;:[{&quot;content&quot;:&quot;&lt;h1 style=\\&quot;text-align: center;\\&quot; data-mce-style=\\&quot;text-align: center;\\&quot;&gt;VIRTUALIZAR EN CLAVE DE INNOVACI\\u00d3N&lt;\\\/h1&gt;\\n&quot;,&quot;content_selected_editor&quot;:&quot;tinymce&quot;,&quot;background&quot;:{&quot;image&quot;:0,&quot;image_fallback&quot;:&quot;https:\\\/\\\/layouts.siteorigin.com\\\/wp-content\\\/uploads\\\/2015\\\/11\\\/write-593333_1920.jpg#1920x1135&quot;,&quot;size&quot;:&quot;full&quot;,&quot;image_type&quot;:&quot;cover&quot;,&quot;opacity&quot;:100,&quot;color&quot;:&quot;#333333&quot;,&quot;url&quot;:&quot;&quot;,&quot;so_field_container_state&quot;:&quot;open&quot;,&quot;new_window&quot;:false,&quot;videos&quot;:[]},&quot;buttons&quot;:[]}],&quot;controls&quot;:{&quot;speed&quot;:800,&quot;timeout&quot;:8000,&quot;nav_color_hex&quot;:&quot;#FFFFFF&quot;,&quot;nav_style&quot;:&quot;thin&quot;,&quot;nav_size&quot;:25,&quot;so_field_container_state&quot;:&quot;open&quot;,&quot;nav_always_show_mobile&quot;:false,&quot;swipe&quot;:false,&quot;background_video_mobile&quot;:false},&quot;design&quot;:{&quot;height&quot;:false,&quot;height_unit&quot;:&quot;px&quot;,&quot;height_responsive&quot;:false,&quot;height_responsive_unit&quot;:&quot;px&quot;,&quot;padding&quot;:&quot;200px&quot;,&quot;padding_unit&quot;:&quot;px&quot;,&quot;extra_top_padding&quot;:&quot;0px&quot;,&quot;extra_top_padding_unit&quot;:&quot;px&quot;,&quot;padding_sides&quot;:&quot;20px&quot;,&quot;padding_sides_unit&quot;:&quot;px&quot;,&quot;width&quot;:&quot;1280px&quot;,&quot;width_unit&quot;:&quot;px&quot;,&quot;heading_font&quot;:&quot;&quot;,&quot;heading_color&quot;:false,&quot;heading_size&quot;:&quot;38px&quot;,&quot;heading_size_unit&quot;:&quot;px&quot;,&quot;fittext_compressor&quot;:0,&quot;heading_shadow&quot;:50,&quot;text_color&quot;:false,&quot;text_size&quot;:&quot;16px&quot;,&quot;text_size_unit&quot;:&quot;px&quot;,&quot;text_font&quot;:&quot;&quot;,&quot;text_shadow&quot;:0,&quot;link_color&quot;:false,&quot;link_color_hover&quot;:false,&quot;so_field_container_state&quot;:&quot;open&quot;,&quot;fittext&quot;:false},&quot;_sow_form_id&quot;:&quot;5635bab5be565&quot;,&quot;_sow_form_timestamp&quot;:&quot;1594607023109&quot;,&quot;so_sidebar_emulator_id&quot;:&quot;sow-hero-1110000&quot;,&quot;option_name&quot;:&quot;widget_sow-hero&quot;},&quot;args&quot;:{&quot;before_widget&quot;:&quot;&lt;div id=\\&quot;panel-11-0-0-0\\&quot; class=\\&quot;so-panel widget widget_sow-hero panel-first-child panel-last-child\\&quot; data-index=\\&quot;0\\&quot; data-style=\\&quot;{&amp;quot;background_image_attachment&amp;quot;:false,&amp;quot;background_display&amp;quot;:&amp;quot;tile&amp;quot;}\\&quot; &gt;&quot;,&quot;after_widget&quot;:&quot;&lt;\\\/div&gt;&quot;,&quot;before_title&quot;:&quot;&lt;h3 class=\\&quot;widget-title\\&quot;&gt;&quot;,&quot;after_title&quot;:&quot;&lt;\\\/h3&gt;&quot;,&quot;widget_id&quot;:&quot;widget-0-0-0&quot;}}\" \/>[\/siteorigin_widget]<\/div>\n<\/div>\n<\/div>\n<\/div>\n<div id=\"pg-11-1\"  class=\"panel-grid panel-has-style\"  data-style=\"{&quot;padding&quot;:&quot;5%&quot;,&quot;background&quot;:&quot;#e0e0e0&quot;,&quot;background_display&quot;:&quot;tile&quot;,&quot;lsow_dark_bg&quot;:&quot;&quot;,&quot;row_stretch&quot;:&quot;full&quot;}\" >\n<div class=\"siteorigin-panels-stretch panel-row-style panel-row-style-for-11-1\" data-stretch-type=\"full\" >\n<div id=\"pgc-11-1-0\"  class=\"panel-grid-cell\"  data-weight=\"0.5\" >\n<div id=\"panel-11-1-0-0\" class=\"so-panel widget widget_sow-headline panel-first-child\" data-index=\"1\" data-style=\"{&quot;background_image_attachment&quot;:false,&quot;background_display&quot;:&quot;tile&quot;}\" >[siteorigin_widget class=&#8221;SiteOrigin_Widget_Headline_Widget&#8221;]<input type=\"hidden\" value=\"{&quot;instance&quot;:{&quot;headline&quot;:{&quot;text&quot;:&quot;Lo que est\\u00e1s comprando&quot;,&quot;destination_url&quot;:&quot;&quot;,&quot;tag&quot;:&quot;h1&quot;,&quot;color&quot;:&quot;#333333&quot;,&quot;hover_color&quot;:false,&quot;font&quot;:&quot;Helvetica Neue&quot;,&quot;font_size&quot;:false,&quot;font_size_unit&quot;:&quot;px&quot;,&quot;align&quot;:&quot;center&quot;,&quot;line_height&quot;:false,&quot;line_height_unit&quot;:&quot;px&quot;,&quot;margin&quot;:false,&quot;margin_unit&quot;:&quot;px&quot;,&quot;so_field_container_state&quot;:&quot;open&quot;,&quot;new_window&quot;:false},&quot;sub_headline&quot;:{&quot;text&quot;:&quot;Un m\\u00e9todo probado y efectivo&quot;,&quot;destination_url&quot;:&quot;&quot;,&quot;tag&quot;:&quot;h3&quot;,&quot;color&quot;:&quot;#333333&quot;,&quot;hover_color&quot;:false,&quot;font&quot;:&quot;Helvetica Neue&quot;,&quot;font_size&quot;:false,&quot;font_size_unit&quot;:&quot;px&quot;,&quot;align&quot;:&quot;center&quot;,&quot;line_height&quot;:false,&quot;line_height_unit&quot;:&quot;px&quot;,&quot;margin&quot;:false,&quot;margin_unit&quot;:&quot;px&quot;,&quot;so_field_container_state&quot;:&quot;open&quot;,&quot;new_window&quot;:false},&quot;divider&quot;:{&quot;style&quot;:&quot;none&quot;,&quot;color&quot;:&quot;#EEEEEE&quot;,&quot;thickness&quot;:0,&quot;align&quot;:&quot;center&quot;,&quot;width&quot;:false,&quot;width_unit&quot;:&quot;px&quot;,&quot;margin&quot;:false,&quot;margin_unit&quot;:&quot;px&quot;,&quot;so_field_container_state&quot;:&quot;open&quot;},&quot;order&quot;:[&quot;headline&quot;,&quot;divider&quot;,&quot;sub_headline&quot;],&quot;fittext_compressor&quot;:0,&quot;_sow_form_id&quot;:&quot;5635bb38840af&quot;,&quot;_sow_form_timestamp&quot;:&quot;1594607214856&quot;,&quot;fittext&quot;:false,&quot;so_sidebar_emulator_id&quot;:&quot;sow-headline-1110001&quot;,&quot;option_name&quot;:&quot;widget_sow-headline&quot;},&quot;args&quot;:{&quot;before_widget&quot;:&quot;&lt;div id=\\&quot;panel-11-1-0-0\\&quot; class=\\&quot;so-panel widget widget_sow-headline panel-first-child\\&quot; data-index=\\&quot;1\\&quot; data-style=\\&quot;{&amp;quot;background_image_attachment&amp;quot;:false,&amp;quot;background_display&amp;quot;:&amp;quot;tile&amp;quot;}\\&quot; &gt;&quot;,&quot;after_widget&quot;:&quot;&lt;\\\/div&gt;&quot;,&quot;before_title&quot;:&quot;&lt;h3 class=\\&quot;widget-title\\&quot;&gt;&quot;,&quot;after_title&quot;:&quot;&lt;\\\/h3&gt;&quot;,&quot;widget_id&quot;:&quot;widget-1-0-0&quot;}}\" \/>[\/siteorigin_widget]<\/div>\n<div id=\"panel-11-1-0-1\" class=\"so-panel widget widget_sow-editor panel-last-child\" data-index=\"2\" data-style=\"{&quot;background_image_attachment&quot;:false,&quot;background_display&quot;:&quot;tile&quot;}\" >\n<div class=\"so-widget-sow-editor so-widget-sow-editor-base\">\n<div class=\"siteorigin-widget-tinymce textwidget\">\n<p>Son cuatro pasos que te permiten aprender a identificar con claridad cada desaf\u00edo de dise\u00f1o, para que puedas aplicarlo en cualquier proyecto de virtualizaci\u00f3n que tengas. En este curso cada paso cuenta con material de apoyo en video, audio y archivos descargables. Podr\u00e1s revisarlo cuantas veces sea necesario, hasta que lo apropies.<\/p>\n<p>&nbsp;<\/p>\n<\/div>\n<\/div>\n<\/div>\n<\/div>\n<div id=\"pgc-11-1-1\"  class=\"panel-grid-cell\"  data-weight=\"0.5\" >\n<div id=\"panel-11-1-1-0\" class=\"so-panel widget widget_sow-headline panel-first-child\" data-index=\"3\" data-style=\"{&quot;background_image_attachment&quot;:false,&quot;background_display&quot;:&quot;tile&quot;}\" >[siteorigin_widget class=&#8221;SiteOrigin_Widget_Headline_Widget&#8221;]<input type=\"hidden\" value=\"{&quot;instance&quot;:{&quot;headline&quot;:{&quot;text&quot;:&quot;\\u00bfC\\u00f3mo lo hacemos?&quot;,&quot;destination_url&quot;:&quot;&quot;,&quot;tag&quot;:&quot;h1&quot;,&quot;color&quot;:&quot;#333333&quot;,&quot;hover_color&quot;:false,&quot;font&quot;:&quot;Helvetica Neue&quot;,&quot;font_size&quot;:false,&quot;font_size_unit&quot;:&quot;px&quot;,&quot;align&quot;:&quot;center&quot;,&quot;line_height&quot;:false,&quot;line_height_unit&quot;:&quot;px&quot;,&quot;margin&quot;:false,&quot;margin_unit&quot;:&quot;px&quot;,&quot;so_field_container_state&quot;:&quot;open&quot;,&quot;new_window&quot;:false},&quot;sub_headline&quot;:{&quot;text&quot;:&quot;Integramos herramientas de innovaci\\u00f3n&quot;,&quot;destination_url&quot;:&quot;&quot;,&quot;tag&quot;:&quot;h3&quot;,&quot;color&quot;:&quot;#333333&quot;,&quot;hover_color&quot;:false,&quot;font&quot;:&quot;Helvetica Neue&quot;,&quot;font_size&quot;:false,&quot;font_size_unit&quot;:&quot;px&quot;,&quot;align&quot;:&quot;center&quot;,&quot;line_height&quot;:false,&quot;line_height_unit&quot;:&quot;px&quot;,&quot;margin&quot;:false,&quot;margin_unit&quot;:&quot;px&quot;,&quot;so_field_container_state&quot;:&quot;open&quot;,&quot;new_window&quot;:false},&quot;divider&quot;:{&quot;style&quot;:&quot;none&quot;,&quot;color&quot;:&quot;#EEEEEE&quot;,&quot;thickness&quot;:0,&quot;align&quot;:&quot;center&quot;,&quot;width&quot;:false,&quot;width_unit&quot;:&quot;px&quot;,&quot;margin&quot;:false,&quot;margin_unit&quot;:&quot;px&quot;,&quot;so_field_container_state&quot;:&quot;open&quot;},&quot;order&quot;:[&quot;headline&quot;,&quot;divider&quot;,&quot;sub_headline&quot;],&quot;fittext_compressor&quot;:0,&quot;_sow_form_id&quot;:&quot;5635bd396940a&quot;,&quot;_sow_form_timestamp&quot;:&quot;1594607249051&quot;,&quot;fittext&quot;:false,&quot;so_sidebar_emulator_id&quot;:&quot;sow-headline-1110003&quot;,&quot;option_name&quot;:&quot;widget_sow-headline&quot;},&quot;args&quot;:{&quot;before_widget&quot;:&quot;&lt;div id=\\&quot;panel-11-1-1-0\\&quot; class=\\&quot;so-panel widget widget_sow-headline panel-first-child\\&quot; data-index=\\&quot;3\\&quot; data-style=\\&quot;{&amp;quot;background_image_attachment&amp;quot;:false,&amp;quot;background_display&amp;quot;:&amp;quot;tile&amp;quot;}\\&quot; &gt;&quot;,&quot;after_widget&quot;:&quot;&lt;\\\/div&gt;&quot;,&quot;before_title&quot;:&quot;&lt;h3 class=\\&quot;widget-title\\&quot;&gt;&quot;,&quot;after_title&quot;:&quot;&lt;\\\/h3&gt;&quot;,&quot;widget_id&quot;:&quot;widget-1-1-0&quot;}}\" \/>[\/siteorigin_widget]<\/div>\n<div id=\"panel-11-1-1-1\" class=\"so-panel widget widget_sow-editor panel-last-child\" data-index=\"4\" data-style=\"{&quot;background_image_attachment&quot;:false,&quot;background_display&quot;:&quot;tile&quot;}\" >\n<div class=\"so-widget-sow-editor so-widget-sow-editor-base\">\n<div class=\"siteorigin-widget-tinymce textwidget\">\n<p>Cada m\u00f3dulo incorpora principios y herramientas de las principales escuelas de innovaci\u00f3n del mundo. Activa tu pensamiento creativo para crear los contenidos y las experiencias virtuales que mejor responden a tu contexto de acci\u00f3n. En este curso aprender\u00e1s a usar estrat\u00e9gicamente las herramientas virtuales.<\/p>\n<\/div>\n<\/div>\n<\/div>\n<\/div>\n<\/div>\n<\/div>\n<div id=\"pg-11-2\"  class=\"panel-grid panel-no-style\" >\n<div id=\"pgc-11-2-0\"  class=\"panel-grid-cell\"  data-weight=\"1\" >\n<div id=\"panel-11-2-0-0\" class=\"so-panel widget widget_sow-editor panel-first-child panel-last-child\" data-index=\"5\" data-style=\"{&quot;background_image_attachment&quot;:false,&quot;background_display&quot;:&quot;tile&quot;,&quot;link_color&quot;:&quot;#b78ce2&quot;}\" >\n<div class=\"so-widget-sow-editor so-widget-sow-editor-base\">\n<div class=\"siteorigin-widget-tinymce textwidget\">\n<p>[woocommerce_cart]<\/p>\n<\/div>\n<\/div>\n<\/div>\n<\/div>\n<\/div>\n<\/div>\n<style type=\"text\/css\" class=\"panels-style\" data-panels-style-for-post=\"11\">@import url(https:\/\/esmartinnovation.online\/wp-content\/plugins\/siteorigin-panels\/css\/front-flex.min.css); #pgc-11-0-0 , #pgc-11-2-0 { width:100%;width:calc(100% - ( 0 * 30px ) ) } #pl-11 #panel-11-0-0-0 , #pl-11 #panel-11-1-0-0 , #pl-11 #panel-11-1-0-1 , #pl-11 #panel-11-1-1-0 , #pl-11 #panel-11-1-1-1 , #pl-11 #panel-11-2-0-0 {  } #pg-11-0 , #pl-11 .so-panel:last-child { margin-bottom:0px } #pgc-11-1-0 , #pgc-11-1-1 { width:50%;width:calc(50% - ( 0.5 * 30px ) ) } #pg-11-1 , #pl-11 .so-panel { margin-bottom:30px } #pg-11-1> .panel-row-style { background-color:#e0e0e0;padding:5% } #panel-11-2-0-0 a { color:#b78ce2 } @media (max-width:780px){ #pg-11-0.panel-no-style, #pg-11-0.panel-has-style > .panel-row-style , #pg-11-1.panel-no-style, #pg-11-1.panel-has-style > .panel-row-style , #pg-11-2.panel-no-style, #pg-11-2.panel-has-style > .panel-row-style { -webkit-flex-direction:column;-ms-flex-direction:column;flex-direction:column } #pg-11-0 > .panel-grid-cell , #pg-11-0 > .panel-row-style > .panel-grid-cell , #pg-11-1 > .panel-grid-cell , #pg-11-1 > .panel-row-style > .panel-grid-cell , #pg-11-2 > .panel-grid-cell , #pg-11-2 > .panel-row-style > .panel-grid-cell { width:100%;margin-right:0 } #pgc-11-1-0 { margin-bottom:30px } #pl-11 .panel-grid-cell { padding:0 } #pl-11 .panel-grid .panel-grid-cell-empty { display:none } #pl-11 .panel-grid .panel-grid-cell-mobile-last { margin-bottom:0px }  } <\/style>\n","protected":false},"excerpt":{"rendered":"<p>[siteorigin_widget class=&#8221;SiteOrigin_Widget_Hero_Widget&#8221;][\/siteorigin_widget] [siteorigin_widget class=&#8221;SiteOrigin_Widget_Headline_Widget&#8221;][\/siteorigin_widget] Son cuatro pasos que te permiten aprender a identificar con claridad cada desaf\u00edo de dise\u00f1o, para que puedas aplicarlo en cualquier proyecto de virtualizaci\u00f3n que tengas. En este curso cada paso cuenta con material de apoyo en video, audio y archivos descargables. Podr\u00e1s revisarlo cuantas veces sea necesario, hasta que lo [&hellip;]<\/p>\n","protected":false},"author":1,"featured_media":0,"parent":0,"menu_order":0,"comment_status":"closed","ping_status":"open","template":"","meta":{"footnotes":""},"_links":{"self":[{"href":"https:\/\/prototipos.iesmartedu.com\/index.php\/wp-json\/wp\/v2\/pages\/14817"}],"collection":[{"href":"https:\/\/prototipos.iesmartedu.com\/index.php\/wp-json\/wp\/v2\/pages"}],"about":[{"href":"https:\/\/prototipos.iesmartedu.com\/index.php\/wp-json\/wp\/v2\/types\/page"}],"author":[{"embeddable":true,"href":"https:\/\/prototipos.iesmartedu.com\/index.php\/wp-json\/wp\/v2\/users\/1"}],"replies":[{"embeddable":true,"href":"https:\/\/prototipos.iesmartedu.com\/index.php\/wp-json\/wp\/v2\/comments?post=14817"}],"version-history":[{"count":0,"href":"https:\/\/prototipos.iesmartedu.com\/index.php\/wp-json\/wp\/v2\/pages\/14817\/revisions"}],"wp:attachment":[{"href":"https:\/\/prototipos.iesmartedu.com\/index.php\/wp-json\/wp\/v2\/media?parent=14817"}],"curies":[{"name":"wp","href":"https:\/\/api.w.org\/{rel}","templated":true}]}}