{"id":160,"date":"2019-07-02T18:35:38","date_gmt":"2019-07-02T23:35:38","guid":{"rendered":"https:\/\/esmartinnovation.online\/?page_id=160"},"modified":"2019-07-02T18:35:38","modified_gmt":"2019-07-02T23:35:38","slug":"portafolio","status":"publish","type":"page","link":"https:\/\/prototipos.iesmartedu.com\/index.php\/portafolio\/","title":{"rendered":"Portafolio"},"content":{"rendered":"<p>\t\t\t<img decoding=\"async\" src=\"https:\/\/esmartinnovation.online\/wp-content\/uploads\/2019\/01\/portfolio-1a.jpg\" alt=\"\" \/><br \/>\n\t\t\t<img decoding=\"async\" src=\"https:\/\/esmartinnovation.online\/wp-content\/uploads\/2019\/01\/portfolio-1b.jpg\" alt=\"\" \/><br \/>\n\t\t\t<img decoding=\"async\" src=\"https:\/\/esmartinnovation.online\/wp-content\/uploads\/2019\/01\/portfolio-1c.jpg\" alt=\"\" \/><br \/>\n\t\t\t\t<a href=\"#\"><svg version=\"1.1\" xmlns=\"http:\/\/www.w3.org\/2000\/svg\" xmlns:xlink=\"http:\/\/www.w3.org\/1999\/xlink\" viewBox=\"0 0 512 512\">\n<path d=\"M398.572,104.287L246.857,256.001l151.715,151.714c3.617,3.618,5.428,7.904,5.428,12.856c0,4.953-1.811,9.238-5.428,12.857 l-47.428,47.428c-3.619,3.619-7.904,5.428-12.857,5.428s-9.238-1.809-12.857-5.428l-212-212c-3.619-3.618-5.428-7.904-5.428-12.856 c0-4.953,1.81-9.238,5.428-12.857l212-212c3.619-3.618,7.904-5.428,12.857-5.428s9.238,1.81,12.857,5.428l47.428,47.429 C402.189,82.19,404,86.476,404,91.428c0,4.953-1.811,9.238-5.428,12.857V104.287z\"\/>\n<\/svg><br \/>\n<\/a><br \/>\n\t\t\t\t<a href=\"#\"><svg version=\"1.1\" xmlns=\"http:\/\/www.w3.org\/2000\/svg\" xmlns:xlink=\"http:\/\/www.w3.org\/1999\/xlink\" viewBox=\"0 0 512 512\">\n<path d=\"M113.428,407.713l151.715-151.714L113.428,104.285c-3.617-3.618-5.428-7.904-5.428-12.856c0-4.953,1.811-9.238,5.428-12.857 l47.428-47.428c3.619-3.619,7.904-5.428,12.857-5.428s9.238,1.809,12.857,5.428l212,212c3.619,3.618,5.429,7.904,5.429,12.856 c0,4.953-1.81,9.238-5.429,12.857l-212,212c-3.619,3.618-7.904,5.428-12.857,5.428s-9.238-1.81-12.857-5.428l-47.428-47.429 c-3.617-3.618-5.428-7.904-5.428-12.856c0-4.953,1.811-9.238,5.428-12.857V407.713z\"\/>\n<\/svg><br \/>\n<\/a><\/p>\n<h4>Categor\u00edas de productos \/ servicios<\/h4>\n<h2>Nombre del proyecto<\/h2>\n<p>Habla acerca de este elemento de tu cartera&#8211;para qui\u00e9n lo hiciste y por qu\u00e9, adem\u00e1s de cu\u00e1les fueron los resultados (los clientes potenciales desean fervientemente conocer los resultados del mundo real). Indica las facetas singulares del proyecto&#8211;\u00bfpudo cumplirse con ese plazo imposible?&#8211;y demuestra c\u00f3mo tu empresa hizo m\u00e1s de lo esperado para lograr que lo imposible fuera posible.<\/p>\n<p>\t\t\t<img decoding=\"async\" src=\"https:\/\/esmartinnovation.online\/wp-content\/uploads\/2019\/01\/portfolio-2a.jpg\" alt=\"\" \/><br \/>\n\t\t\t<img decoding=\"async\" src=\"https:\/\/esmartinnovation.online\/wp-content\/uploads\/2019\/01\/portfolio-2b.jpg\" alt=\"\" \/><br \/>\n\t\t\t<img decoding=\"async\" src=\"https:\/\/esmartinnovation.online\/wp-content\/uploads\/2019\/01\/portfolio-2c.jpg\" alt=\"\" \/><br \/>\n\t\t\t<img decoding=\"async\" src=\"https:\/\/esmartinnovation.online\/wp-content\/uploads\/2019\/01\/portfolio-2d.jpg\" alt=\"\" \/><br \/>\n\t\t\t\t<a href=\"#\"><svg version=\"1.1\" xmlns=\"http:\/\/www.w3.org\/2000\/svg\" xmlns:xlink=\"http:\/\/www.w3.org\/1999\/xlink\" viewBox=\"0 0 512 512\">\n<path d=\"M398.572,104.287L246.857,256.001l151.715,151.714c3.617,3.618,5.428,7.904,5.428,12.856c0,4.953-1.811,9.238-5.428,12.857 l-47.428,47.428c-3.619,3.619-7.904,5.428-12.857,5.428s-9.238-1.809-12.857-5.428l-212-212c-3.619-3.618-5.428-7.904-5.428-12.856 c0-4.953,1.81-9.238,5.428-12.857l212-212c3.619-3.618,7.904-5.428,12.857-5.428s9.238,1.81,12.857,5.428l47.428,47.429 C402.189,82.19,404,86.476,404,91.428c0,4.953-1.811,9.238-5.428,12.857V104.287z\"\/>\n<\/svg><br \/>\n<\/a><br \/>\n\t\t\t\t<a href=\"#\"><svg version=\"1.1\" xmlns=\"http:\/\/www.w3.org\/2000\/svg\" xmlns:xlink=\"http:\/\/www.w3.org\/1999\/xlink\" viewBox=\"0 0 512 512\">\n<path d=\"M113.428,407.713l151.715-151.714L113.428,104.285c-3.617-3.618-5.428-7.904-5.428-12.856c0-4.953,1.811-9.238,5.428-12.857 l47.428-47.428c3.619-3.619,7.904-5.428,12.857-5.428s9.238,1.809,12.857,5.428l212,212c3.619,3.618,5.429,7.904,5.429,12.856 c0,4.953-1.81,9.238-5.429,12.857l-212,212c-3.619,3.618-7.904,5.428-12.857,5.428s-9.238-1.81-12.857-5.428l-47.428-47.429 c-3.617-3.618-5.428-7.904-5.428-12.856c0-4.953,1.811-9.238,5.428-12.857V407.713z\"\/>\n<\/svg><br \/>\n<\/a><\/p>\n<h4>Categor\u00edas de productos \/ servicios<\/h4>\n<h2>Nombre del proyecto<\/h2>\n<p>Habla acerca de este elemento de tu cartera&#8211;para qui\u00e9n lo hiciste y por qu\u00e9, adem\u00e1s de cu\u00e1les fueron los resultados (los clientes potenciales desean fervientemente conocer los resultados del mundo real). Indica las facetas singulares del proyecto&#8211;\u00bfpudo cumplirse con ese plazo imposible?&#8211;y demuestra c\u00f3mo tu empresa hizo m\u00e1s de lo esperado para lograr que lo imposible fuera posible.<\/p>\n","protected":false},"excerpt":{"rendered":"<p>Categor\u00edas de productos \/ servicios Nombre del proyecto Habla acerca de este elemento de tu cartera&#8211;para qui\u00e9n lo hiciste y por qu\u00e9, adem\u00e1s de cu\u00e1les fueron los resultados (los clientes potenciales desean fervientemente conocer los resultados del mundo real). Indica las facetas singulares del proyecto&#8211;\u00bfpudo cumplirse con ese plazo imposible?&#8211;y demuestra c\u00f3mo tu empresa hizo [&hellip;]<\/p>\n","protected":false},"author":1,"featured_media":0,"parent":0,"menu_order":0,"comment_status":"closed","ping_status":"closed","template":"","meta":{"footnotes":""},"_links":{"self":[{"href":"https:\/\/prototipos.iesmartedu.com\/index.php\/wp-json\/wp\/v2\/pages\/160"}],"collection":[{"href":"https:\/\/prototipos.iesmartedu.com\/index.php\/wp-json\/wp\/v2\/pages"}],"about":[{"href":"https:\/\/prototipos.iesmartedu.com\/index.php\/wp-json\/wp\/v2\/types\/page"}],"author":[{"embeddable":true,"href":"https:\/\/prototipos.iesmartedu.com\/index.php\/wp-json\/wp\/v2\/users\/1"}],"replies":[{"embeddable":true,"href":"https:\/\/prototipos.iesmartedu.com\/index.php\/wp-json\/wp\/v2\/comments?post=160"}],"version-history":[{"count":0,"href":"https:\/\/prototipos.iesmartedu.com\/index.php\/wp-json\/wp\/v2\/pages\/160\/revisions"}],"wp:attachment":[{"href":"https:\/\/prototipos.iesmartedu.com\/index.php\/wp-json\/wp\/v2\/media?parent=160"}],"curies":[{"name":"wp","href":"https:\/\/api.w.org\/{rel}","templated":true}]}}