{"id":235,"date":"2019-07-02T18:35:38","date_gmt":"2019-07-02T23:35:38","guid":{"rendered":"https:\/\/esmartinnovation.online\/?page_id=235"},"modified":"2019-07-02T18:35:38","modified_gmt":"2019-07-02T23:35:38","slug":"preguntas-frecuentes","status":"publish","type":"page","link":"https:\/\/prototipos.iesmartedu.com\/index.php\/preguntas-frecuentes\/","title":{"rendered":"Preguntas frecuentes"},"content":{"rendered":"<p>Aqu\u00ed es donde debes responder a las preguntas m\u00e1s comunes que los clientes potenciales pudieran tener. Es una buena idea abarcar cosas como tu pol\u00edtica de devoluciones, informaci\u00f3n sobre la garant\u00eda del producto, env\u00edos y devoluciones, etc. Consulta los ejemplos que aparecen a continuaci\u00f3n.<\/p>\n<hr \/>\n<h3>\u00bfCu\u00e1l es su pol\u00edtica de devoluciones?<\/h3>\n<p>Devuelve cualquiera de nuestros productos&#8211;sin inconveniente alguno&#8211;dentro de los 30 d\u00edas de haberlo adquirido. Incluso pagamos el env\u00edo de retorno.<\/p>\n<hr \/>\n<h3>\u00bfHacen env\u00edos al exterior y a casillas de correo?<\/h3>\n<p>S\u00ed, enviaremos tu paquete a cualquier lugar que pueda aceptar entregas.<\/p>\n<hr \/>\n<h3>\u00bfTienen un servicio de atenci\u00f3n al cliente?<\/h3>\n<p>\u00a1Por supuesto! Nuestros representantes de servicio de atenci\u00f3n al cliente, amables y expertos, est\u00e1n disponibles para responder tus preguntas las 24 horas del d\u00eda, los 7 d\u00edas de la semana, los 365 d\u00edas del a\u00f1o.<\/p>\n","protected":false},"excerpt":{"rendered":"<p>Aqu\u00ed es donde debes responder a las preguntas m\u00e1s comunes que los clientes potenciales pudieran tener. Es una buena idea abarcar cosas como tu pol\u00edtica de devoluciones, informaci\u00f3n sobre la garant\u00eda del producto, env\u00edos y devoluciones, etc. Consulta los ejemplos que aparecen a continuaci\u00f3n. \u00bfCu\u00e1l es su pol\u00edtica de devoluciones? Devuelve cualquiera de nuestros productos&#8211;sin [&hellip;]<\/p>\n","protected":false},"author":1,"featured_media":0,"parent":0,"menu_order":0,"comment_status":"closed","ping_status":"closed","template":"","meta":{"footnotes":""},"_links":{"self":[{"href":"https:\/\/prototipos.iesmartedu.com\/index.php\/wp-json\/wp\/v2\/pages\/235"}],"collection":[{"href":"https:\/\/prototipos.iesmartedu.com\/index.php\/wp-json\/wp\/v2\/pages"}],"about":[{"href":"https:\/\/prototipos.iesmartedu.com\/index.php\/wp-json\/wp\/v2\/types\/page"}],"author":[{"embeddable":true,"href":"https:\/\/prototipos.iesmartedu.com\/index.php\/wp-json\/wp\/v2\/users\/1"}],"replies":[{"embeddable":true,"href":"https:\/\/prototipos.iesmartedu.com\/index.php\/wp-json\/wp\/v2\/comments?post=235"}],"version-history":[{"count":0,"href":"https:\/\/prototipos.iesmartedu.com\/index.php\/wp-json\/wp\/v2\/pages\/235\/revisions"}],"wp:attachment":[{"href":"https:\/\/prototipos.iesmartedu.com\/index.php\/wp-json\/wp\/v2\/media?parent=235"}],"curies":[{"name":"wp","href":"https:\/\/api.w.org\/{rel}","templated":true}]}}