{"id":4733,"date":"2013-11-22T12:12:39","date_gmt":"2013-11-22T12:12:39","guid":{"rendered":"http:\/\/www.livemeshthemes.com\/invent\/checkout\/order-received\/"},"modified":"2013-11-22T12:12:39","modified_gmt":"2013-11-22T12:12:39","slug":"acceso-curso","status":"publish","type":"page","link":"https:\/\/prototipos.iesmartedu.com\/index.php\/acceso-curso\/","title":{"rendered":"Acceso a curso"},"content":{"rendered":"<p>[vc_row full_width=&#8221;stretch_row_content&#8221; full_height=&#8221;yes&#8221; content_placement=&#8221;middle&#8221; css=&#8221;.vc_custom_1594598780839{background-color: #729abf !important;}&#8221;][vc_column][vc_row_inner equal_height=&#8221;yes&#8221;][vc_column_inner width=&#8221;1\/4&#8243;][vc_single_image image=&#8221;14985&#8243; img_size=&#8221;medium&#8221; alignment=&#8221;center&#8221;][\/vc_column_inner][vc_column_inner width=&#8221;3\/4&#8243;][vc_single_image image=&#8221;14773&#8243; alignment=&#8221;center&#8221;][vc_column_text]<\/p>\n<h2 style=\"text-align: center;\"><span style=\"color: #ffffff;\">\u00a1EST\u00c1S INSCRITO!<\/span><\/h2>\n<p>[\/vc_column_text][vc_column_text]<\/p>\n<p style=\"text-align: center;\"><span style=\"color: #ffffff;\">Has tomado una excelente decisi\u00f3n!! Bienvenido a tu curso Virtualizar en Clave de Innovaci\u00f3n. Mira el siguiente video de presentaci\u00f3n que te da algunas recomendaciones para obtener el mejor provecho de tu curso.<\/span><\/p>\n<p>[\/vc_column_text][\/vc_column_inner][\/vc_row_inner][\/vc_column][\/vc_row][vc_row][vc_column][vc_video link=&#8221;https:\/\/youtu.be\/W4gfYFk63yI&#8221;][\/vc_column][\/vc_row][vc_row][vc_column][vc_column_text]Revisa el correo electr\u00f3nico con el que te inscribiste. Vamos a enviarte tu usuario y tus claves de acceso.<\/p>\n<p>Bienvenid@ y no olvides que puedes vincularte al grupo de alumnos del curso Virtualizar en Clave de Innovaci\u00f3n, donde podr\u00e1s compartir con otros colegas tus avances, dudas y aportes.<\/p>\n<p>En este link podr\u00e1s solicitar tu ingreso al grupo:<\/p>\n<p>&nbsp;<\/p>\n<p>Este proceso puede demorar hasta 12 horas pues debemos asegurarnos que solo los alumnos del grupo participen. Por favor responde las preguntas que te hacemos para pertenecer al grupo.<\/p>\n<p>Estamos muy emocionados de contar contigo!!!<\/p>\n<p>&nbsp;<\/p>\n<p>Martha Salinas<\/p>\n<p>Fundadora y CEO<\/p>\n<p>IESMART<\/p>\n<p>&nbsp;<\/p>\n<p>[\/vc_column_text][\/vc_column][\/vc_row]<\/p>\n","protected":false},"excerpt":{"rendered":"<p>[vc_row full_width=&#8221;stretch_row_content&#8221; full_height=&#8221;yes&#8221; content_placement=&#8221;middle&#8221; css=&#8221;.vc_custom_1594598780839{background-color: #729abf !important;}&#8221;][vc_column][vc_row_inner equal_height=&#8221;yes&#8221;][vc_column_inner width=&#8221;1\/4&#8243;][vc_single_image image=&#8221;14985&#8243; img_size=&#8221;medium&#8221; alignment=&#8221;center&#8221;][\/vc_column_inner][vc_column_inner width=&#8221;3\/4&#8243;][vc_single_image image=&#8221;14773&#8243; alignment=&#8221;center&#8221;][vc_column_text] \u00a1EST\u00c1S INSCRITO! [\/vc_column_text][vc_column_text] Has tomado una excelente decisi\u00f3n!! Bienvenido a tu curso Virtualizar en Clave de Innovaci\u00f3n. Mira el siguiente video de presentaci\u00f3n que te da algunas recomendaciones para obtener el mejor provecho de tu curso. [\/vc_column_text][\/vc_column_inner][\/vc_row_inner][\/vc_column][\/vc_row][vc_row][vc_column][vc_video link=&#8221;https:\/\/youtu.be\/W4gfYFk63yI&#8221;][\/vc_column][\/vc_row][vc_row][vc_column][vc_column_text]Revisa el correo [&hellip;]<\/p>\n","protected":false},"author":1,"featured_media":0,"parent":0,"menu_order":19,"comment_status":"closed","ping_status":"open","template":"","meta":{"footnotes":""},"_links":{"self":[{"href":"https:\/\/prototipos.iesmartedu.com\/index.php\/wp-json\/wp\/v2\/pages\/4733"}],"collection":[{"href":"https:\/\/prototipos.iesmartedu.com\/index.php\/wp-json\/wp\/v2\/pages"}],"about":[{"href":"https:\/\/prototipos.iesmartedu.com\/index.php\/wp-json\/wp\/v2\/types\/page"}],"author":[{"embeddable":true,"href":"https:\/\/prototipos.iesmartedu.com\/index.php\/wp-json\/wp\/v2\/users\/1"}],"replies":[{"embeddable":true,"href":"https:\/\/prototipos.iesmartedu.com\/index.php\/wp-json\/wp\/v2\/comments?post=4733"}],"version-history":[{"count":0,"href":"https:\/\/prototipos.iesmartedu.com\/index.php\/wp-json\/wp\/v2\/pages\/4733\/revisions"}],"wp:attachment":[{"href":"https:\/\/prototipos.iesmartedu.com\/index.php\/wp-json\/wp\/v2\/media?parent=4733"}],"curies":[{"name":"wp","href":"https:\/\/api.w.org\/{rel}","templated":true}]}}